{"id":2552,"date":"2020-08-09T14:15:49","date_gmt":"2020-08-09T20:15:49","guid":{"rendered":"https:\/\/tejiendoamigurumis.com\/miembro\/?page_id=2552"},"modified":"2025-11-07T18:47:35","modified_gmt":"2025-11-08T00:47:35","slug":"patron-funko-pop","status":"publish","type":"page","link":"https:\/\/tejiendoamigurumis.com\/miembro\/patron-funko-pop\/","title":{"rendered":"Patron Funko Pop"},"content":{"rendered":"<p>[et_pb_section fb_built=\u00bb1&#8243; fullwidth=\u00bbon\u00bb _builder_version=\u00bb4.17.4&#8243; _module_preset=\u00bbdefault\u00bb background_enable_image=\u00bboff\u00bb custom_padding=\u00bb||1px|||\u00bb da_disable_devices=\u00bboff|off|off\u00bb global_colors_info=\u00bb{}\u00bb da_is_popup=\u00bboff\u00bb da_exit_intent=\u00bboff\u00bb da_has_close=\u00bbon\u00bb da_alt_close=\u00bboff\u00bb da_dark_close=\u00bboff\u00bb da_not_modal=\u00bbon\u00bb da_is_singular=\u00bboff\u00bb da_with_loader=\u00bboff\u00bb da_has_shadow=\u00bbon\u00bb][et_pb_fullwidth_image title_text=\u00bbMasterClassFunkopop fondo\u00bb _builder_version=\u00bb4.17.4&#8243; _module_preset=\u00bbdefault\u00bb background_image=\u00bbhttps:\/\/tejiendoamigurumis.com\/miembro\/wp-content\/uploads\/2022\/02\/MasterClassFunkopop-fondo.jpg\u00bb min_height=\u00bb503px\u00bb custom_margin=\u00bb-41px||8px|||\u00bb custom_padding=\u00bb432px||162px|||\u00bb global_colors_info=\u00bb{}\u00bb][\/et_pb_fullwidth_image][\/et_pb_section][et_pb_section fb_built=\u00bb1&#8243; _builder_version=\u00bb4.16&#8243; _module_preset=\u00bbdefault\u00bb min_height=\u00bb698px\u00bb custom_margin=\u00bb-1px|||||\u00bb custom_padding=\u00bb52px||10px|||\u00bb da_disable_devices=\u00bboff|off|off\u00bb global_colors_info=\u00bb{}\u00bb da_is_popup=\u00bboff\u00bb da_exit_intent=\u00bboff\u00bb da_has_close=\u00bbon\u00bb da_alt_close=\u00bboff\u00bb da_dark_close=\u00bboff\u00bb da_not_modal=\u00bbon\u00bb da_is_singular=\u00bboff\u00bb da_with_loader=\u00bboff\u00bb da_has_shadow=\u00bbon\u00bb][et_pb_row _builder_version=\u00bb4.16&#8243; _module_preset=\u00bbdefault\u00bb global_colors_info=\u00bb{}\u00bb][et_pb_column type=\u00bb4_4&#8243; _builder_version=\u00bb4.16&#8243; _module_preset=\u00bbdefault\u00bb global_colors_info=\u00bb{}\u00bb][et_pb_cta title=\u00bbPatr\u00f3n o Master Class, \u00a1tu decides!\u00bb button_url=\u00bbhttps:\/\/patrongratis.tejiendoamigurumis.com\/\u00bb url_new_window=\u00bbon\u00bb button_text=\u00bbObt\u00e9n un patr\u00f3n gratis dando click en esta liga para conocer como son nuestros patrones bajo estilo japon\u00e9s: \u00bb _builder_version=\u00bb4.16&#8243; _module_preset=\u00bbdefault\u00bb global_colors_info=\u00bb{}\u00bb]<\/p>\n<p>Aquiere tu patr\u00f3n o toma nuestra master class donde te ense\u00f1amos paso a paso c\u00f3mo hacer tu figura amigurumi basada en la estructura de Funko Pop!, haz tus propias figuras personalizadas, si ya dominas la creaci\u00f3n de amigurumis puedes comprar directamente el patr\u00f3n.<\/p>\n<p>Si tienes conocimientos avanzados en crochet y creaci\u00f3n de amigurumis, y quieres ayuda para hacer tus personajes amigurumis basados en la estructura de Funko Pop! te invitamos a tomar nuestra Master Class, con los videos paso a paso e incluye el patr\u00f3n sin costo adicional. Aprender\u00e1s a hacer un mu\u00f1eco de estructura Funko Pop aplicando tus conocimientos e imaginaci\u00f3n para realizar el personaje que tu quieras. No incluimos la instrucci\u00f3n de pelo o agregados de detalles porque no podemos abarcar los miles de personajes o personas posibles a realizar, para ello te invitamos un vez adquirido tu patron o master class estar en contacto en nuestro <strong>whats app 3310842082<\/strong> o nuestro correo: <span style=\"color: #ffffff;\"><a style=\"color: #ffffff;\" href=\"mailto:contacto@tejiendoamigurumis.com\"><em><strong>contacto@tejiendoamigurumis.com<\/strong><\/em><\/a><\/span> para ayudarte en el personaje o persona que est\u00e9s realizando de forma particular.<\/p>\n<p><strong>Ojo: En el acceso a la master class incluye el patr\u00f3n estilo japon\u00e9s sin costo adicional. (El patr\u00f3n tambi\u00e9n incluye las instrucciones tradiconales por vuelta y conteo de puntos).<\/strong><\/p>\n<p>&nbsp;<\/p>\n<p>[\/et_pb_cta][\/et_pb_column][\/et_pb_row][\/et_pb_section][et_pb_section fb_built=\u00bb1&#8243; _builder_version=\u00bb4.16&#8243; _module_preset=\u00bbdefault\u00bb da_disable_devices=\u00bboff|off|off\u00bb global_colors_info=\u00bb{}\u00bb da_is_popup=\u00bboff\u00bb da_exit_intent=\u00bboff\u00bb da_has_close=\u00bbon\u00bb da_alt_close=\u00bboff\u00bb da_dark_close=\u00bboff\u00bb da_not_modal=\u00bbon\u00bb da_is_singular=\u00bboff\u00bb da_with_loader=\u00bboff\u00bb da_has_shadow=\u00bbon\u00bb][et_pb_row column_structure=\u00bb1_3,1_3,1_3&#8243; _builder_version=\u00bb4.16&#8243; _module_preset=\u00bbdefault\u00bb custom_padding=\u00bb||40px|||\u00bb global_colors_info=\u00bb{}\u00bb][et_pb_column type=\u00bb1_3&#8243; _builder_version=\u00bb4.16&#8243; _module_preset=\u00bbdefault\u00bb global_colors_info=\u00bb{}\u00bb][et_pb_cta title=\u00bbPatron Funko Pop\u00bb button_url=\u00bbhttps:\/\/tejiendoamigurumis.com\/producto\/patron-funko\/\u00bb button_text=\u00bbComprar Patr\u00f3n\u00bb _builder_version=\u00bb4.19.4&#8243; background_size=\u00bbinitial\u00bb background_position=\u00bbtop_left\u00bb background_repeat=\u00bbrepeat\u00bb global_colors_info=\u00bb{}\u00bb button_text_size__hover_enabled=\u00bboff\u00bb button_text_size__hover=\u00bbnull\u00bb button_one_text_size__hover_enabled=\u00bboff\u00bb button_one_text_size__hover=\u00bbnull\u00bb button_two_text_size__hover_enabled=\u00bboff\u00bb button_two_text_size__hover=\u00bbnull\u00bb button_text_color__hover_enabled=\u00bboff\u00bb button_text_color__hover=\u00bbnull\u00bb button_one_text_color__hover_enabled=\u00bboff\u00bb button_one_text_color__hover=\u00bbnull\u00bb button_two_text_color__hover_enabled=\u00bboff\u00bb button_two_text_color__hover=\u00bbnull\u00bb button_border_width__hover_enabled=\u00bboff\u00bb button_border_width__hover=\u00bbnull\u00bb button_one_border_width__hover_enabled=\u00bboff\u00bb button_one_border_width__hover=\u00bbnull\u00bb button_two_border_width__hover_enabled=\u00bboff\u00bb button_two_border_width__hover=\u00bbnull\u00bb button_border_color__hover_enabled=\u00bboff\u00bb button_border_color__hover=\u00bbnull\u00bb button_one_border_color__hover_enabled=\u00bboff\u00bb button_one_border_color__hover=\u00bbnull\u00bb button_two_border_color__hover_enabled=\u00bboff\u00bb button_two_border_color__hover=\u00bbnull\u00bb button_border_radius__hover_enabled=\u00bboff\u00bb button_border_radius__hover=\u00bbnull\u00bb button_one_border_radius__hover_enabled=\u00bboff\u00bb button_one_border_radius__hover=\u00bbnull\u00bb button_two_border_radius__hover_enabled=\u00bboff\u00bb button_two_border_radius__hover=\u00bbnull\u00bb button_letter_spacing__hover_enabled=\u00bboff\u00bb button_letter_spacing__hover=\u00bbnull\u00bb button_one_letter_spacing__hover_enabled=\u00bboff\u00bb button_one_letter_spacing__hover=\u00bbnull\u00bb button_two_letter_spacing__hover_enabled=\u00bboff\u00bb button_two_letter_spacing__hover=\u00bbnull\u00bb button_bg_color__hover_enabled=\u00bboff\u00bb button_bg_color__hover=\u00bbnull\u00bb button_one_bg_color__hover_enabled=\u00bboff\u00bb button_one_bg_color__hover=\u00bbnull\u00bb button_two_bg_color__hover_enabled=\u00bboff\u00bb button_two_bg_color__hover=\u00bbnull\u00bb]<\/p>\n<p>Da click aqui para comprar nuestro patr\u00f3n para hacer amigurumis basados en la estructura de Funk Pop<span style=\"font-size: 17px;\">\u00a0<\/span><\/p>\n<p>Precio:<\/p>\n<p>&nbsp;<\/p>\n<h2 class=\"et_pb_module_header et-fb-editable-element et-fb-editable-element__editing\" contenteditable=\"true\" data-shortcode-id=\"2.0.1.0-1600368508303\" data-quickaccess-id=\"header\">$220.00 MXN \/ $13.50 USD<\/h2>\n<p>[\/et_pb_cta][\/et_pb_column][et_pb_column type=\u00bb1_3&#8243; _builder_version=\u00bb4.16&#8243; _module_preset=\u00bbdefault\u00bb global_colors_info=\u00bb{}\u00bb][et_pb_cta title=\u00bbMaster Class Funko Pop\u00bb button_url=\u00bbhttps:\/\/tejiendoamigurumis.com\/miembro\/cuenta-de-membresia\/pago-de-membresia\/?level=4&#8243; button_text=\u00bbPaga con Paypal\u00bb _builder_version=\u00bb4.27.4&#8243; background_size=\u00bbinitial\u00bb background_position=\u00bbtop_left\u00bb background_repeat=\u00bbrepeat\u00bb hover_enabled=\u00bb0&#8243; z_index_tablet=\u00bb500&#8243; global_colors_info=\u00bb{}\u00bb button_text_size__hover_enabled=\u00bboff\u00bb button_text_size__hover=\u00bbnull\u00bb button_one_text_size__hover_enabled=\u00bboff\u00bb button_one_text_size__hover=\u00bbnull\u00bb button_two_text_size__hover_enabled=\u00bboff\u00bb button_two_text_size__hover=\u00bbnull\u00bb button_text_color__hover_enabled=\u00bboff\u00bb button_text_color__hover=\u00bbnull\u00bb button_one_text_color__hover_enabled=\u00bboff\u00bb button_one_text_color__hover=\u00bbnull\u00bb button_two_text_color__hover_enabled=\u00bboff\u00bb button_two_text_color__hover=\u00bbnull\u00bb button_border_width__hover_enabled=\u00bboff\u00bb button_border_width__hover=\u00bbnull\u00bb button_one_border_width__hover_enabled=\u00bboff\u00bb button_one_border_width__hover=\u00bbnull\u00bb button_two_border_width__hover_enabled=\u00bboff\u00bb button_two_border_width__hover=\u00bbnull\u00bb button_border_color__hover_enabled=\u00bboff\u00bb button_border_color__hover=\u00bbnull\u00bb button_one_border_color__hover_enabled=\u00bboff\u00bb button_one_border_color__hover=\u00bbnull\u00bb button_two_border_color__hover_enabled=\u00bboff\u00bb button_two_border_color__hover=\u00bbnull\u00bb button_border_radius__hover_enabled=\u00bboff\u00bb button_border_radius__hover=\u00bbnull\u00bb button_one_border_radius__hover_enabled=\u00bboff\u00bb button_one_border_radius__hover=\u00bbnull\u00bb button_two_border_radius__hover_enabled=\u00bboff\u00bb button_two_border_radius__hover=\u00bbnull\u00bb button_letter_spacing__hover_enabled=\u00bboff\u00bb button_letter_spacing__hover=\u00bbnull\u00bb button_one_letter_spacing__hover_enabled=\u00bboff\u00bb button_one_letter_spacing__hover=\u00bbnull\u00bb button_two_letter_spacing__hover_enabled=\u00bboff\u00bb button_two_letter_spacing__hover=\u00bbnull\u00bb button_bg_color__hover_enabled=\u00bboff\u00bb button_bg_color__hover=\u00bbnull\u00bb button_one_bg_color__hover_enabled=\u00bboff\u00bb button_one_bg_color__hover=\u00bbnull\u00bb button_two_bg_color__hover_enabled=\u00bboff\u00bb button_two_bg_color__hover=\u00bbnull\u00bb sticky_enabled=\u00bb0&#8243;]<\/p>\n<p>Da click aqui para comprar la master class en l\u00ednea donde aprender\u00e1s a hacer amigurmis basados en la estructura de Funko Pop.<\/p>\n<p>Precio:<\/p>\n<h2 class=\"et_pb_module_header et-fb-editable-element et-fb-editable-element__editing\" contenteditable=\"true\" data-shortcode-id=\"2.0.1.0-1600368508303\" data-quickaccess-id=\"header\">$500.00 MXN \/ $29.00 USD<\/h2>\n<p><span style=\"color: #edf000;\"><a style=\"color: #edf000;\" href=\"https:\/\/tejiendoamigurumis.com\/miembro\/temario-masterclass-funko\/\"><strong>Descarga el temario del curso aqu\u00ed\u00a0<\/strong><\/a><\/span><\/p>\n<p>[\/et_pb_cta][et_pb_button _builder_version=\u00bb4.27.4&#8243; _module_preset=\u00bbdefault\u00bb button_text=\u00bbPaga con tarjeta cr\u00e9dito\u00bb button_url=\u00bbhttps:\/\/link.clip.mx\/tejiendoamigurumis\/producto\/93bdba20-94bf-4923-b56b-3fd61ac4d75b\u00bb hover_enabled=\u00bb0&#8243; sticky_enabled=\u00bb0&#8243;][\/et_pb_button][\/et_pb_column][et_pb_column type=\u00bb1_3&#8243; _builder_version=\u00bb4.16&#8243; _module_preset=\u00bbdefault\u00bb global_colors_info=\u00bb{}\u00bb][et_pb_cta title=\u00bbInsumos para realizar figuras Funko Pop\u00bb button_url=\u00bbhttps:\/\/tejiendoamigurumis.com\/producto\/isumos-base-para-estructura-funko-pop\/\u00bb button_text=\u00bbComprar Insumos\u00bb _builder_version=\u00bb4.19.4&#8243; background_size=\u00bbinitial\u00bb background_position=\u00bbtop_left\u00bb background_repeat=\u00bbrepeat\u00bb custom_padding=\u00bb||40px|||\u00bb z_index_tablet=\u00bb500&#8243; global_colors_info=\u00bb{}\u00bb button_text_size__hover_enabled=\u00bboff\u00bb button_text_size__hover=\u00bbnull\u00bb button_one_text_size__hover_enabled=\u00bboff\u00bb button_one_text_size__hover=\u00bbnull\u00bb button_two_text_size__hover_enabled=\u00bboff\u00bb button_two_text_size__hover=\u00bbnull\u00bb button_text_color__hover_enabled=\u00bboff\u00bb button_text_color__hover=\u00bbnull\u00bb button_one_text_color__hover_enabled=\u00bboff\u00bb button_one_text_color__hover=\u00bbnull\u00bb button_two_text_color__hover_enabled=\u00bboff\u00bb button_two_text_color__hover=\u00bbnull\u00bb button_border_width__hover_enabled=\u00bboff\u00bb button_border_width__hover=\u00bbnull\u00bb button_one_border_width__hover_enabled=\u00bboff\u00bb button_one_border_width__hover=\u00bbnull\u00bb button_two_border_width__hover_enabled=\u00bboff\u00bb button_two_border_width__hover=\u00bbnull\u00bb button_border_color__hover_enabled=\u00bboff\u00bb button_border_color__hover=\u00bbnull\u00bb button_one_border_color__hover_enabled=\u00bboff\u00bb button_one_border_color__hover=\u00bbnull\u00bb button_two_border_color__hover_enabled=\u00bboff\u00bb button_two_border_color__hover=\u00bbnull\u00bb button_border_radius__hover_enabled=\u00bboff\u00bb button_border_radius__hover=\u00bbnull\u00bb button_one_border_radius__hover_enabled=\u00bboff\u00bb button_one_border_radius__hover=\u00bbnull\u00bb button_two_border_radius__hover_enabled=\u00bboff\u00bb button_two_border_radius__hover=\u00bbnull\u00bb button_letter_spacing__hover_enabled=\u00bboff\u00bb button_letter_spacing__hover=\u00bbnull\u00bb button_one_letter_spacing__hover_enabled=\u00bboff\u00bb button_one_letter_spacing__hover=\u00bbnull\u00bb button_two_letter_spacing__hover_enabled=\u00bboff\u00bb button_two_letter_spacing__hover=\u00bbnull\u00bb button_bg_color__hover_enabled=\u00bboff\u00bb button_bg_color__hover=\u00bbnull\u00bb button_one_bg_color__hover_enabled=\u00bboff\u00bb button_one_bg_color__hover=\u00bbnull\u00bb button_two_bg_color__hover_enabled=\u00bboff\u00bb button_two_bg_color__hover=\u00bbnull\u00bb]<\/p>\n<p>Da click aqui para comprar los insumos para realizar las figuras con estructura Funko Pop, inlcuye el patron escrito impreso.<\/p>\n<p>&nbsp;<\/p>\n<p>&nbsp;<\/p>\n<p>Precio:<\/p>\n<h2 class=\"et_pb_module_header et-fb-editable-element et-fb-editable-element__editing\" contenteditable=\"true\" data-shortcode-id=\"2.0.1.0-1600368508303\" data-quickaccess-id=\"header\">$450 MXN \/ $25.00 USD<\/h2>\n<p>&nbsp;<\/p>\n<p>[\/et_pb_cta][\/et_pb_column][\/et_pb_row][\/et_pb_section][et_pb_section fb_built=\u00bb1&#8243; admin_label=\u00bbsection\u00bb _builder_version=\u00bb4.16&#8243; custom_padding=\u00bb6px|||||\u00bb da_disable_devices=\u00bboff|off|off\u00bb global_colors_info=\u00bb{}\u00bb da_is_popup=\u00bboff\u00bb da_exit_intent=\u00bboff\u00bb da_has_close=\u00bbon\u00bb da_alt_close=\u00bboff\u00bb da_dark_close=\u00bboff\u00bb da_not_modal=\u00bbon\u00bb da_is_singular=\u00bboff\u00bb da_with_loader=\u00bboff\u00bb da_has_shadow=\u00bbon\u00bb][et_pb_row _builder_version=\u00bb4.16&#8243; _module_preset=\u00bbdefault\u00bb global_colors_info=\u00bb{}\u00bb][et_pb_column type=\u00bb4_4&#8243; _builder_version=\u00bb4.16&#8243; _module_preset=\u00bbdefault\u00bb global_colors_info=\u00bb{}\u00bb][et_pb_video src=\u00bbhttps:\/\/youtu.be\/ow1eJAV78Ds\u00bb _builder_version=\u00bb4.16&#8243; _module_preset=\u00bbdefault\u00bb global_colors_info=\u00bb{}\u00bb][\/et_pb_video][\/et_pb_column][\/et_pb_row][\/et_pb_section]<\/p>\n","protected":false},"excerpt":{"rendered":"<p>Aquiere tu patr\u00f3n o toma nuestra master class donde te ense\u00f1amos paso a paso c\u00f3mo hacer tu figura amigurumi basada en la estructura de Funko Pop!, haz tus propias figuras personalizadas, si ya dominas la creaci\u00f3n de amigurumis puedes comprar directamente el patr\u00f3n. Si tienes conocimientos avanzados en crochet y creaci\u00f3n de amigurumis, y quieres [&hellip;]<\/p>\n","protected":false},"author":2,"featured_media":2662,"parent":0,"menu_order":0,"comment_status":"closed","ping_status":"closed","template":"","meta":{"_et_pb_use_builder":"on","_et_pb_old_content":"","_et_gb_content_width":"","pmpro_default_level":"","footnotes":""},"class_list":["post-2552","page","type-page","status-publish","has-post-thumbnail","hentry","pmpro-has-access"],"yoast_head":"<!-- This site is optimized with the Yoast SEO plugin v27.4 - https:\/\/yoast.com\/product\/yoast-seo-wordpress\/ -->\n<title>Patron Funko Pop - Tejiendo Amigurumis<\/title>\n<meta name=\"robots\" content=\"index, follow, max-snippet:-1, max-image-preview:large, max-video-preview:-1\" \/>\n<link rel=\"canonical\" href=\"https:\/\/tejiendoamigurumis.com\/miembro\/patron-funko-pop\/\" \/>\n<meta property=\"og:locale\" content=\"es_ES\" \/>\n<meta property=\"og:type\" content=\"article\" \/>\n<meta property=\"og:title\" content=\"Patron Funko Pop - Tejiendo Amigurumis\" \/>\n<meta property=\"og:description\" content=\"Aquiere tu patr\u00f3n o toma nuestra master class donde te ense\u00f1amos paso a paso c\u00f3mo hacer tu figura amigurumi basada en la estructura de Funko Pop!, haz tus propias figuras personalizadas, si ya dominas la creaci\u00f3n de amigurumis puedes comprar directamente el patr\u00f3n. Si tienes conocimientos avanzados en crochet y creaci\u00f3n de amigurumis, y quieres [&hellip;]\" \/>\n<meta property=\"og:url\" content=\"https:\/\/tejiendoamigurumis.com\/miembro\/patron-funko-pop\/\" \/>\n<meta property=\"og:site_name\" content=\"Tejiendo Amigurumis\" \/>\n<meta property=\"article:publisher\" content=\"https:\/\/www.facebook.com\/tejiendolosamigurumis\" \/>\n<meta property=\"article:modified_time\" content=\"2025-11-08T00:47:35+00:00\" \/>\n<meta property=\"og:image\" content=\"https:\/\/tejiendoamigurumis.com\/miembro\/wp-content\/uploads\/2020\/08\/masterclass.jpg\" \/>\n\t<meta property=\"og:image:width\" content=\"425\" \/>\n\t<meta property=\"og:image:height\" content=\"291\" \/>\n\t<meta property=\"og:image:type\" content=\"image\/jpeg\" \/>\n<meta name=\"twitter:card\" content=\"summary_large_image\" \/>\n<meta name=\"twitter:site\" content=\"@TejeAmigurumis\" \/>\n<meta name=\"twitter:label1\" content=\"Tiempo de lectura\" \/>\n\t<meta name=\"twitter:data1\" content=\"2 minutos\" \/>\n<script type=\"application\/ld+json\" class=\"yoast-schema-graph\">{\"@context\":\"https:\\\/\\\/schema.org\",\"@graph\":[{\"@type\":\"WebPage\",\"@id\":\"https:\\\/\\\/tejiendoamigurumis.com\\\/miembro\\\/patron-funko-pop\\\/\",\"url\":\"https:\\\/\\\/tejiendoamigurumis.com\\\/miembro\\\/patron-funko-pop\\\/\",\"name\":\"Patron Funko Pop - Tejiendo Amigurumis\",\"isPartOf\":{\"@id\":\"https:\\\/\\\/tejiendoamigurumis.com\\\/miembro\\\/#website\"},\"primaryImageOfPage\":{\"@id\":\"https:\\\/\\\/tejiendoamigurumis.com\\\/miembro\\\/patron-funko-pop\\\/#primaryimage\"},\"image\":{\"@id\":\"https:\\\/\\\/tejiendoamigurumis.com\\\/miembro\\\/patron-funko-pop\\\/#primaryimage\"},\"thumbnailUrl\":\"https:\\\/\\\/tejiendoamigurumis.com\\\/miembro\\\/wp-content\\\/uploads\\\/2020\\\/08\\\/masterclass.jpg\",\"datePublished\":\"2020-08-09T20:15:49+00:00\",\"dateModified\":\"2025-11-08T00:47:35+00:00\",\"breadcrumb\":{\"@id\":\"https:\\\/\\\/tejiendoamigurumis.com\\\/miembro\\\/patron-funko-pop\\\/#breadcrumb\"},\"inLanguage\":\"es\",\"potentialAction\":[{\"@type\":\"ReadAction\",\"target\":[\"https:\\\/\\\/tejiendoamigurumis.com\\\/miembro\\\/patron-funko-pop\\\/\"]}]},{\"@type\":\"ImageObject\",\"inLanguage\":\"es\",\"@id\":\"https:\\\/\\\/tejiendoamigurumis.com\\\/miembro\\\/patron-funko-pop\\\/#primaryimage\",\"url\":\"https:\\\/\\\/tejiendoamigurumis.com\\\/miembro\\\/wp-content\\\/uploads\\\/2020\\\/08\\\/masterclass.jpg\",\"contentUrl\":\"https:\\\/\\\/tejiendoamigurumis.com\\\/miembro\\\/wp-content\\\/uploads\\\/2020\\\/08\\\/masterclass.jpg\",\"width\":425,\"height\":291},{\"@type\":\"BreadcrumbList\",\"@id\":\"https:\\\/\\\/tejiendoamigurumis.com\\\/miembro\\\/patron-funko-pop\\\/#breadcrumb\",\"itemListElement\":[{\"@type\":\"ListItem\",\"position\":1,\"name\":\"Portada\",\"item\":\"https:\\\/\\\/tejiendoamigurumis.com\\\/miembro\\\/\"},{\"@type\":\"ListItem\",\"position\":2,\"name\":\"Patron Funko Pop\"}]},{\"@type\":\"WebSite\",\"@id\":\"https:\\\/\\\/tejiendoamigurumis.com\\\/miembro\\\/#website\",\"url\":\"https:\\\/\\\/tejiendoamigurumis.com\\\/miembro\\\/\",\"name\":\"Tejiendo Amigurumis\",\"description\":\"Sitio para miembros\",\"publisher\":{\"@id\":\"https:\\\/\\\/tejiendoamigurumis.com\\\/miembro\\\/#organization\"},\"potentialAction\":[{\"@type\":\"SearchAction\",\"target\":{\"@type\":\"EntryPoint\",\"urlTemplate\":\"https:\\\/\\\/tejiendoamigurumis.com\\\/miembro\\\/?s={search_term_string}\"},\"query-input\":{\"@type\":\"PropertyValueSpecification\",\"valueRequired\":true,\"valueName\":\"search_term_string\"}}],\"inLanguage\":\"es\"},{\"@type\":\"Organization\",\"@id\":\"https:\\\/\\\/tejiendoamigurumis.com\\\/miembro\\\/#organization\",\"name\":\"Tejiendo Amigurumis\",\"url\":\"https:\\\/\\\/tejiendoamigurumis.com\\\/miembro\\\/\",\"logo\":{\"@type\":\"ImageObject\",\"inLanguage\":\"es\",\"@id\":\"https:\\\/\\\/tejiendoamigurumis.com\\\/miembro\\\/#\\\/schema\\\/logo\\\/image\\\/\",\"url\":\"https:\\\/\\\/tejiendoamigurumis.com\\\/miembro\\\/wp-content\\\/uploads\\\/2016\\\/12\\\/LogoHD-1sml.png\",\"contentUrl\":\"https:\\\/\\\/tejiendoamigurumis.com\\\/miembro\\\/wp-content\\\/uploads\\\/2016\\\/12\\\/LogoHD-1sml.png\",\"width\":400,\"height\":188,\"caption\":\"Tejiendo Amigurumis\"},\"image\":{\"@id\":\"https:\\\/\\\/tejiendoamigurumis.com\\\/miembro\\\/#\\\/schema\\\/logo\\\/image\\\/\"},\"sameAs\":[\"https:\\\/\\\/www.facebook.com\\\/tejiendolosamigurumis\",\"https:\\\/\\\/x.com\\\/TejeAmigurumis\",\"https:\\\/\\\/www.linkedin.com\\\/in\\\/marisol-saenz-02796029\\\/\",\"https:\\\/\\\/www.youtube.com\\\/@TejiendoAmigurumis\",\"https:\\\/\\\/mx.pinterest.com\\\/MarisolSaenz11\\\/\",\"https:\\\/\\\/www.instagram.com\\\/tejiendoamigurumis\\\/\",\"https:\\\/\\\/web.telegram.org\\\/a\\\/#-1001224398166\"]}]}<\/script>\n<!-- \/ Yoast SEO plugin. -->","yoast_head_json":{"title":"Patron Funko Pop - Tejiendo Amigurumis","robots":{"index":"index","follow":"follow","max-snippet":"max-snippet:-1","max-image-preview":"max-image-preview:large","max-video-preview":"max-video-preview:-1"},"canonical":"https:\/\/tejiendoamigurumis.com\/miembro\/patron-funko-pop\/","og_locale":"es_ES","og_type":"article","og_title":"Patron Funko Pop - Tejiendo Amigurumis","og_description":"Aquiere tu patr\u00f3n o toma nuestra master class donde te ense\u00f1amos paso a paso c\u00f3mo hacer tu figura amigurumi basada en la estructura de Funko Pop!, haz tus propias figuras personalizadas, si ya dominas la creaci\u00f3n de amigurumis puedes comprar directamente el patr\u00f3n. Si tienes conocimientos avanzados en crochet y creaci\u00f3n de amigurumis, y quieres [&hellip;]","og_url":"https:\/\/tejiendoamigurumis.com\/miembro\/patron-funko-pop\/","og_site_name":"Tejiendo Amigurumis","article_publisher":"https:\/\/www.facebook.com\/tejiendolosamigurumis","article_modified_time":"2025-11-08T00:47:35+00:00","og_image":[{"width":425,"height":291,"url":"https:\/\/tejiendoamigurumis.com\/miembro\/wp-content\/uploads\/2020\/08\/masterclass.jpg","type":"image\/jpeg"}],"twitter_card":"summary_large_image","twitter_site":"@TejeAmigurumis","twitter_misc":{"Tiempo de lectura":"2 minutos"},"schema":{"@context":"https:\/\/schema.org","@graph":[{"@type":"WebPage","@id":"https:\/\/tejiendoamigurumis.com\/miembro\/patron-funko-pop\/","url":"https:\/\/tejiendoamigurumis.com\/miembro\/patron-funko-pop\/","name":"Patron Funko Pop - Tejiendo Amigurumis","isPartOf":{"@id":"https:\/\/tejiendoamigurumis.com\/miembro\/#website"},"primaryImageOfPage":{"@id":"https:\/\/tejiendoamigurumis.com\/miembro\/patron-funko-pop\/#primaryimage"},"image":{"@id":"https:\/\/tejiendoamigurumis.com\/miembro\/patron-funko-pop\/#primaryimage"},"thumbnailUrl":"https:\/\/tejiendoamigurumis.com\/miembro\/wp-content\/uploads\/2020\/08\/masterclass.jpg","datePublished":"2020-08-09T20:15:49+00:00","dateModified":"2025-11-08T00:47:35+00:00","breadcrumb":{"@id":"https:\/\/tejiendoamigurumis.com\/miembro\/patron-funko-pop\/#breadcrumb"},"inLanguage":"es","potentialAction":[{"@type":"ReadAction","target":["https:\/\/tejiendoamigurumis.com\/miembro\/patron-funko-pop\/"]}]},{"@type":"ImageObject","inLanguage":"es","@id":"https:\/\/tejiendoamigurumis.com\/miembro\/patron-funko-pop\/#primaryimage","url":"https:\/\/tejiendoamigurumis.com\/miembro\/wp-content\/uploads\/2020\/08\/masterclass.jpg","contentUrl":"https:\/\/tejiendoamigurumis.com\/miembro\/wp-content\/uploads\/2020\/08\/masterclass.jpg","width":425,"height":291},{"@type":"BreadcrumbList","@id":"https:\/\/tejiendoamigurumis.com\/miembro\/patron-funko-pop\/#breadcrumb","itemListElement":[{"@type":"ListItem","position":1,"name":"Portada","item":"https:\/\/tejiendoamigurumis.com\/miembro\/"},{"@type":"ListItem","position":2,"name":"Patron Funko Pop"}]},{"@type":"WebSite","@id":"https:\/\/tejiendoamigurumis.com\/miembro\/#website","url":"https:\/\/tejiendoamigurumis.com\/miembro\/","name":"Tejiendo Amigurumis","description":"Sitio para miembros","publisher":{"@id":"https:\/\/tejiendoamigurumis.com\/miembro\/#organization"},"potentialAction":[{"@type":"SearchAction","target":{"@type":"EntryPoint","urlTemplate":"https:\/\/tejiendoamigurumis.com\/miembro\/?s={search_term_string}"},"query-input":{"@type":"PropertyValueSpecification","valueRequired":true,"valueName":"search_term_string"}}],"inLanguage":"es"},{"@type":"Organization","@id":"https:\/\/tejiendoamigurumis.com\/miembro\/#organization","name":"Tejiendo Amigurumis","url":"https:\/\/tejiendoamigurumis.com\/miembro\/","logo":{"@type":"ImageObject","inLanguage":"es","@id":"https:\/\/tejiendoamigurumis.com\/miembro\/#\/schema\/logo\/image\/","url":"https:\/\/tejiendoamigurumis.com\/miembro\/wp-content\/uploads\/2016\/12\/LogoHD-1sml.png","contentUrl":"https:\/\/tejiendoamigurumis.com\/miembro\/wp-content\/uploads\/2016\/12\/LogoHD-1sml.png","width":400,"height":188,"caption":"Tejiendo Amigurumis"},"image":{"@id":"https:\/\/tejiendoamigurumis.com\/miembro\/#\/schema\/logo\/image\/"},"sameAs":["https:\/\/www.facebook.com\/tejiendolosamigurumis","https:\/\/x.com\/TejeAmigurumis","https:\/\/www.linkedin.com\/in\/marisol-saenz-02796029\/","https:\/\/www.youtube.com\/@TejiendoAmigurumis","https:\/\/mx.pinterest.com\/MarisolSaenz11\/","https:\/\/www.instagram.com\/tejiendoamigurumis\/","https:\/\/web.telegram.org\/a\/#-1001224398166"]}]}},"_links":{"self":[{"href":"https:\/\/tejiendoamigurumis.com\/miembro\/wp-json\/wp\/v2\/pages\/2552","targetHints":{"allow":["GET"]}}],"collection":[{"href":"https:\/\/tejiendoamigurumis.com\/miembro\/wp-json\/wp\/v2\/pages"}],"about":[{"href":"https:\/\/tejiendoamigurumis.com\/miembro\/wp-json\/wp\/v2\/types\/page"}],"author":[{"embeddable":true,"href":"https:\/\/tejiendoamigurumis.com\/miembro\/wp-json\/wp\/v2\/users\/2"}],"replies":[{"embeddable":true,"href":"https:\/\/tejiendoamigurumis.com\/miembro\/wp-json\/wp\/v2\/comments?post=2552"}],"version-history":[{"count":45,"href":"https:\/\/tejiendoamigurumis.com\/miembro\/wp-json\/wp\/v2\/pages\/2552\/revisions"}],"predecessor-version":[{"id":14844,"href":"https:\/\/tejiendoamigurumis.com\/miembro\/wp-json\/wp\/v2\/pages\/2552\/revisions\/14844"}],"wp:featuredmedia":[{"embeddable":true,"href":"https:\/\/tejiendoamigurumis.com\/miembro\/wp-json\/wp\/v2\/media\/2662"}],"wp:attachment":[{"href":"https:\/\/tejiendoamigurumis.com\/miembro\/wp-json\/wp\/v2\/media?parent=2552"}],"curies":[{"name":"wp","href":"https:\/\/api.w.org\/{rel}","templated":true}]}}